{"id":36,"date":"2016-12-28T08:59:55","date_gmt":"2016-12-28T08:59:55","guid":{"rendered":"http:\/\/gemuesekiller.de\/?page_id=36"},"modified":"2017-01-16T07:57:12","modified_gmt":"2017-01-16T07:57:12","slug":"hier-geht-es-los","status":"publish","type":"page","link":"https:\/\/gemuesekiller.de\/","title":{"rendered":"Ich w\u00fcnsche viel Spa\u00df beim St\u00f6bern."},"content":{"rendered":"<p><img decoding=\"async\" loading=\"lazy\" class=\"alignnone wp-image-77 size-large\" src=\"https:\/\/gemuesekiller.de\/wp-content\/uploads\/2016\/12\/Meeri1-800x590.jpg\" width=\"800\" height=\"590\" srcset=\"https:\/\/gemuesekiller.de\/wp-content\/uploads\/2016\/12\/Meeri1-800x590.jpg 800w, https:\/\/gemuesekiller.de\/wp-content\/uploads\/2016\/12\/Meeri1-271x200.jpg 271w, https:\/\/gemuesekiller.de\/wp-content\/uploads\/2016\/12\/Meeri1-300x221.jpg 300w, https:\/\/gemuesekiller.de\/wp-content\/uploads\/2016\/12\/Meeri1-768x567.jpg 768w, https:\/\/gemuesekiller.de\/wp-content\/uploads\/2016\/12\/Meeri1-951x702.jpg 951w, https:\/\/gemuesekiller.de\/wp-content\/uploads\/2016\/12\/Meeri1-1592x1175.jpg 1592w\" sizes=\"(max-width: 800px) 100vw, 800px\" \/><\/p>\n<blockquote><p>\u201eDie Photographie ist eine wunderbare Entdeckung, eine Wissenschaft, welche die gr\u00f6\u00dften Geister angezogen, eine Kunst, welche die kl\u00fcgsten Denker angeregt\u00a0\u2013 und doch von jedem Dummkopf betrieben werden kann.\u201c Nadar, 1856<\/p><\/blockquote>\n<p>&nbsp;<\/p>\n","protected":false},"excerpt":{"rendered":"<p>\u201eDie Photographie ist eine wunderbare Entdeckung, eine Wissenschaft, welche die gr\u00f6\u00dften Geister angezogen, eine Kunst, welche die kl\u00fcgsten Denker angeregt\u00a0\u2013 und doch von jedem Dummkopf betrieben werden kann.\u201c Nadar, 1856 &nbsp;<\/p>\n","protected":false},"author":2,"featured_media":0,"parent":0,"menu_order":0,"comment_status":"closed","ping_status":"closed","template":"","meta":[],"_links":{"self":[{"href":"https:\/\/gemuesekiller.de\/index.php?rest_route=\/wp\/v2\/pages\/36"}],"collection":[{"href":"https:\/\/gemuesekiller.de\/index.php?rest_route=\/wp\/v2\/pages"}],"about":[{"href":"https:\/\/gemuesekiller.de\/index.php?rest_route=\/wp\/v2\/types\/page"}],"author":[{"embeddable":true,"href":"https:\/\/gemuesekiller.de\/index.php?rest_route=\/wp\/v2\/users\/2"}],"replies":[{"embeddable":true,"href":"https:\/\/gemuesekiller.de\/index.php?rest_route=%2Fwp%2Fv2%2Fcomments&post=36"}],"version-history":[{"count":9,"href":"https:\/\/gemuesekiller.de\/index.php?rest_route=\/wp\/v2\/pages\/36\/revisions"}],"predecessor-version":[{"id":119,"href":"https:\/\/gemuesekiller.de\/index.php?rest_route=\/wp\/v2\/pages\/36\/revisions\/119"}],"wp:attachment":[{"href":"https:\/\/gemuesekiller.de\/index.php?rest_route=%2Fwp%2Fv2%2Fmedia&parent=36"}],"curies":[{"name":"wp","href":"https:\/\/api.w.org\/{rel}","templated":true}]}}